{"id":201,"date":"2022-02-01T15:10:37","date_gmt":"2022-02-01T15:10:37","guid":{"rendered":"https:\/\/cia.lachunga.es\/?page_id=201"},"modified":"2025-02-06T18:49:47","modified_gmt":"2025-02-06T18:49:47","slug":"cv-la-chunga","status":"publish","type":"page","link":"https:\/\/cia.lachunga.es\/ca\/cv-la-chunga\/","title":{"rendered":"Cia La Chunga"},"content":{"rendered":"<p>[et_pb_section fb_built=\u00bb1&#8243; _builder_version=\u00bb4.16&#8243; _module_preset=\u00bbdefault\u00bb background_color=\u00bb#FFFFFF\u00bb custom_padding=\u00bb0%||0%||true|false\u00bb locked=\u00bboff\u00bb global_colors_info=\u00bb{}\u00bb][et_pb_row column_structure=\u00bb3_5,2_5&#8243; use_custom_gutter=\u00bbon\u00bb gutter_width=\u00bb1&#8243; make_equal=\u00bbon\u00bb module_id=\u00bb1&#8243; _builder_version=\u00bb4.16&#8243; _module_preset=\u00bbdefault\u00bb width=\u00bb100%\u00bb max_width=\u00bb100%\u00bb custom_padding=\u00bb2px||2px||true|false\u00bb global_colors_info=\u00bb{}\u00bb][et_pb_column type=\u00bb3_5&#8243; _builder_version=\u00bb4.16&#8243; _module_preset=\u00bbdefault\u00bb background_image=\u00bbhttps:\/\/cia.lachunga.es\/wp-content\/uploads\/2022\/03\/hermana-683&#215;1024.jpg\u00bb global_colors_info=\u00bb{}\u00bb][\/et_pb_column][et_pb_column type=\u00bb2_5&#8243; _builder_version=\u00bb4.16&#8243; _module_preset=\u00bbdefault\u00bb background_color=\u00bb#FFFFFF\u00bb z_index=\u00bb86&#8243; global_colors_info=\u00bb{}\u00bb][et_pb_text _builder_version=\u00bb4.16&#8243; _module_preset=\u00bbdefault\u00bb background_color=\u00bb#FFFFFF\u00bb positioning=\u00bbrelative\u00bb horizontal_offset=\u00bb-200px\u00bb z_index=\u00bb500&#8243; width=\u00bb109%\u00bb module_alignment=\u00bbright\u00bb min_height=\u00bb412px\u00bb custom_margin=\u00bb160px|100px|160px||true|false\u00bb custom_padding=\u00bb67px|50px|67px|50px|true|false\u00bb border_width_right=\u00bb2px\u00bb global_colors_info=\u00bb{}\u00bb]<\/p>\n<h2>\u00bfC\u00f3mo se cre\u00f3?<\/h2>\n<p>&nbsp;<\/p>\n<p>El nombre art\u00edstico de \u201cLa Chunga\u201d naci\u00f3 en el proceso de trabajo que desarroll\u00f3 Ana S\u00e1nchez con Gemma Fuster en el 2014. El espect\u00e1culo se llamaba \u201cLas Hermanas Wuachosky\u201d,<br \/><a href=\"https:\/\/www.facebook.com\/LasHermanasWuachosky\">https:\/\/www.facebook.com\/LasHermanasWuachosky<\/a> bajo la direcci\u00f3n del humorista Pedro Reyes, conocido en el mundo art\u00edstico con el sobrenombre de \u201cel rey del absurdo\u201d por sus actuaciones en teatros y TV, tanto en Espa\u00f1a como en Latinoam\u00e9rica.<br \/>En un ensayo, con tono cari\u00f1oso, Pedro le dijo a Ana: \u201cChunga, que chunga eres, as\u00ed se va a llamar tu payasa\u201d.<\/p>\n<p>&nbsp;<\/p>\n<p>[\/et_pb_text][\/et_pb_column][\/et_pb_row][et_pb_row column_structure=\u00bb2_5,3_5&#8243; use_custom_gutter=\u00bbon\u00bb gutter_width=\u00bb1&#8243; make_equal=\u00bbon\u00bb module_id=\u00bb1&#8243; _builder_version=\u00bb4.16&#8243; _module_preset=\u00bbdefault\u00bb width=\u00bb100%\u00bb max_width=\u00bb100%\u00bb custom_padding=\u00bb2px||2px||true|false\u00bb global_colors_info=\u00bb{}\u00bb][et_pb_column type=\u00bb2_5&#8243; _builder_version=\u00bb4.16&#8243; _module_preset=\u00bbdefault\u00bb background_color=\u00bb#FFFFFF\u00bb z_index=\u00bb86&#8243; global_colors_info=\u00bb{}\u00bb][et_pb_text _builder_version=\u00bb4.16&#8243; _module_preset=\u00bbdefault\u00bb background_color=\u00bb#FFFFFF\u00bb positioning=\u00bbrelative\u00bb horizontal_offset=\u00bb200px\u00bb z_index=\u00bb500&#8243; width=\u00bb109%\u00bb custom_margin=\u00bb165px||165px||true|false\u00bb custom_padding=\u00bb67px|50px|67px|50px|true|false\u00bb border_width_left=\u00bb2px\u00bb global_colors_info=\u00bb{}\u00bb]<\/p>\n<p>Tras el fallecimiento de Pedro Reyes y como homenaje al que hab\u00eda sido su director, Ana S\u00e1nchez continu\u00f3 como \u201cLa Chunga\u00bb, creando el espect\u00e1culo \u201cCabaret Punk\u201d junto con el m\u00fasico Pino Yaniz y su acorde\u00f3n, en el que retoma los mon\u00f3logos dirigidos por Pedro Reyes y los fusiona con la m\u00fasica en directo. <a href=\"https:\/\/cabaretpunk.com\">https:\/\/cabaretpunk.com<\/a><\/p>\n<p>A partir del 2018-2019, \u201cLa Chunga\u00bb empez\u00f3 a juntarse con otras payasas y a hacer \u201cCabaret a Chuparlas\u201d, donde una payasa se juntaba con otra payasa, improvisando cada noche un espect\u00e1culo distinto.<\/p>\n<p>Despu\u00e9s de siete a\u00f1os, a Ana S\u00e1nchez se la conoce dentro del mundo profesional y entre el p\u00fablico con dicho sello, por esta raz\u00f3n seguir\u00e1 trabajando bajo ese nombre.<\/p>\n<p>&nbsp;<\/p>\n<p>[\/et_pb_text][\/et_pb_column][et_pb_column type=\u00bb3_5&#8243; _builder_version=\u00bb4.16&#8243; _module_preset=\u00bbdefault\u00bb background_image=\u00bbhttps:\/\/cia.lachunga.es\/wp-content\/uploads\/2021\/11\/13975509_1133614850010253_6411943046747796943_o.jpg\u00bb global_colors_info=\u00bb{}\u00bb][\/et_pb_column][\/et_pb_row][et_pb_row column_structure=\u00bb3_5,2_5&#8243; use_custom_gutter=\u00bbon\u00bb gutter_width=\u00bb1&#8243; make_equal=\u00bbon\u00bb module_id=\u00bb1&#8243; _builder_version=\u00bb4.16&#8243; _module_preset=\u00bbdefault\u00bb width=\u00bb100%\u00bb max_width=\u00bb100%\u00bb custom_padding=\u00bb2px||2px||true|false\u00bb global_colors_info=\u00bb{%22gcid-e14068a0-1442-4551-aa1f-e6e5d974d105%22:%91%22background_color%22%93}\u00bb][et_pb_column type=\u00bb3_5&#8243; _builder_version=\u00bb4.16&#8243; _module_preset=\u00bbdefault\u00bb background_image=\u00bbhttps:\/\/cia.lachunga.es\/wp-content\/uploads\/2021\/12\/10256746_468188973340215_8590303362206667891_o-e1640225510766.jpg\u00bb global_colors_info=\u00bb{}\u00bb][\/et_pb_column][et_pb_column type=\u00bb2_5&#8243; _builder_version=\u00bb4.16&#8243; _module_preset=\u00bbdefault\u00bb background_color=\u00bb#FFFFFF\u00bb z_index=\u00bb86&#8243; global_colors_info=\u00bb{}\u00bb][et_pb_text _builder_version=\u00bb4.16&#8243; _module_preset=\u00bbdefault\u00bb background_color=\u00bb#FFFFFF\u00bb positioning=\u00bbrelative\u00bb horizontal_offset=\u00bb-200px\u00bb z_index=\u00bb500&#8243; width=\u00bb109%\u00bb module_alignment=\u00bbright\u00bb min_height=\u00bb412px\u00bb custom_margin=\u00bb160px|100px|160px||true|false\u00bb custom_padding=\u00bb67px|50px|67px|50px|true|false\u00bb border_width_right=\u00bb2px\u00bb global_colors_info=\u00bb{}\u00bb]<\/p>\n<p>&nbsp;<\/p>\n<p>A partir del 2021 y gracias al confinamiento, su trayectoria a nivel profesional da un giro rotundo, vuelve a su trabajo hecho con \u201cCia murmuyo Cristian Casanova \u201c hacia el personaje del mimo-payaso y del lenguaje universal del gesto, sin renunciar a la esencia de su sello \u201cLa Chunga\u201d, puesto que siempre aborda los temas desde una visi\u00f3n de cr\u00edtica social.\u201d<\/p>\n<p>En la actualidad trabaja en la creaci\u00f3n del espect\u00e1culo \u201cEmpar\u201d, con la direcci\u00f3n de Pepa G\u00f3mez, a la cual conoci\u00f3 como profesora en la escuela LIAM, donde ella impart\u00eda clases con el m\u00e9todo Lecoq.<br \/>La colaboraci\u00f3n entre ellas comienza cuando Ana S\u00e1nchez le propone a Pepa G\u00f3mez que la asesore en el n\u00famero que hab\u00eda creado para la Mostra Feminisita de Circ, \u201cEls somnis trencats d\u2019Empar\u201d (Los sue\u00f1os rotos de Amparo).<\/p>\n<p>[\/et_pb_text][\/et_pb_column][\/et_pb_row][et_pb_row column_structure=\u00bb2_5,3_5&#8243; use_custom_gutter=\u00bbon\u00bb gutter_width=\u00bb1&#8243; make_equal=\u00bbon\u00bb module_id=\u00bb1&#8243; _builder_version=\u00bb4.16&#8243; _module_preset=\u00bbdefault\u00bb width=\u00bb100%\u00bb max_width=\u00bb100%\u00bb custom_padding=\u00bb2px||2px||true|false\u00bb global_colors_info=\u00bb{}\u00bb][et_pb_column type=\u00bb2_5&#8243; _builder_version=\u00bb4.16&#8243; _module_preset=\u00bbdefault\u00bb background_color=\u00bb#FFFFFF\u00bb z_index=\u00bb86&#8243; global_colors_info=\u00bb{}\u00bb][et_pb_text _builder_version=\u00bb4.16&#8243; _module_preset=\u00bbdefault\u00bb background_color=\u00bb#FFFFFF\u00bb positioning=\u00bbrelative\u00bb horizontal_offset=\u00bb200px\u00bb z_index=\u00bb500&#8243; width=\u00bb109%\u00bb custom_margin=\u00bb165px||165px||true|false\u00bb custom_padding=\u00bb67px|50px|67px|50px|true|false\u00bb border_width_left=\u00bb2px\u00bb global_colors_info=\u00bb{}\u00bb]<\/p>\n<p>La directora le propone ir m\u00e1s lejos en la creaci\u00f3n y abordar lenguajes m\u00e1s abstractos, llevar ahora a \u201cEmpar\u201d al mundo del absurdo y de la creaci\u00f3n po\u00e9tica, mediante el lenguaje universal del gesto y la complicidad de dos m\u00e1scaras, la del payaso y la expresiva.<\/p>\n<p>Sin dejar por ello de tener el sello personal de Ana Sanchez, \u201cLa Chunga\u201d, ya que aborda la condici\u00f3n de ser mujer, el trabajo invisible que se asume por el hecho de serlo y el maltrato silencioso que mina la autoestima femenina, mientras \u201cEmpar\u201d no hace otra cosa que cuidar a las personas que ama.<\/p>\n<p>&nbsp;<\/p>\n<p>[\/et_pb_text][\/et_pb_column][et_pb_column type=\u00bb3_5&#8243; _builder_version=\u00bb4.16&#8243; _module_preset=\u00bbdefault\u00bb background_image=\u00bbhttps:\/\/cia.lachunga.es\/wp-content\/uploads\/2022\/03\/Empar-5-1024&#215;576-kWCd35.jpeg\u00bb global_colors_info=\u00bb{}\u00bb][\/et_pb_column][\/et_pb_row][et_pb_row column_structure=\u00bb3_5,2_5&#8243; use_custom_gutter=\u00bbon\u00bb gutter_width=\u00bb1&#8243; make_equal=\u00bbon\u00bb module_id=\u00bb1&#8243; _builder_version=\u00bb4.16&#8243; _module_preset=\u00bbdefault\u00bb width=\u00bb100%\u00bb max_width=\u00bb100%\u00bb custom_padding=\u00bb2px||2px||true|false\u00bb global_colors_info=\u00bb{%22gcid-e14068a0-1442-4551-aa1f-e6e5d974d105%22:%91%22background_color%22%93}\u00bb][et_pb_column type=\u00bb3_5&#8243; _builder_version=\u00bb4.16&#8243; _module_preset=\u00bbdefault\u00bb background_image=\u00bbhttps:\/\/cia.lachunga.es\/wp-content\/uploads\/2021\/11\/62219_1513358447537_6243130_n.jpg\u00bb global_colors_info=\u00bb{}\u00bb][\/et_pb_column][et_pb_column type=\u00bb2_5&#8243; _builder_version=\u00bb4.16&#8243; _module_preset=\u00bbdefault\u00bb background_color=\u00bb#FFFFFF\u00bb z_index=\u00bb86&#8243; global_colors_info=\u00bb{}\u00bb][et_pb_text _builder_version=\u00bb4.16&#8243; _module_preset=\u00bbdefault\u00bb background_color=\u00bb#FFFFFF\u00bb positioning=\u00bbrelative\u00bb horizontal_offset=\u00bb-200px\u00bb z_index=\u00bb500&#8243; width=\u00bb109%\u00bb module_alignment=\u00bbright\u00bb custom_margin=\u00bb146px|100px|146px||true|false\u00bb custom_padding=\u00bb67px|50px|67px|51px|true|false\u00bb border_width_right=\u00bb2px\u00bb global_colors_info=\u00bb{}\u00bb]<\/p>\n<p>&nbsp;<\/p>\n<p>\u00a0Todo ello desde el humor y el absurdo.<\/p>\n<p>Se trata de un trabajo de investigaci\u00f3n y de creaci\u00f3n que Ana realiza partiendo de una idea, entendiendo el proceso creativo de una manera colectiva y como la suma de todo el equipo creativo,<br \/>tanto art\u00edstico como t\u00e9cnico, tal como lo aprendi\u00f3 de su profesora Pepa G\u00f3mez y \u00e9sta, a su vez, del gran maestro Jacques Lecoq. El teatro es un acto colectivo.<\/p>\n<p>Del nombre del payaso a la creaci\u00f3n de una personaje \u201cEmpar\u201d.<\/p>\n<p>[\/et_pb_text][\/et_pb_column][\/et_pb_row][\/et_pb_section]<\/p>","protected":false},"excerpt":{"rendered":"<p>\u00bfC\u00f3mo se cre\u00f3? &nbsp; El nombre art\u00edstico de \u201cLa Chunga\u201d naci\u00f3 en el proceso de trabajo que desarroll\u00f3 Ana S\u00e1nchez con Gemma Fuster en el 2014. El espect\u00e1culo se llamaba \u201cLas Hermanas Wuachosky\u201d,https:\/\/www.facebook.com\/LasHermanasWuachosky bajo la direcci\u00f3n del humorista Pedro Reyes, conocido en el mundo art\u00edstico con el sobrenombre de \u201cel rey del absurdo\u201d por sus [&hellip;]<\/p>","protected":false},"author":1,"featured_media":0,"parent":0,"menu_order":0,"comment_status":"closed","ping_status":"closed","template":"","meta":{"_et_pb_use_builder":"on","_et_pb_old_content":"https:\/\/empar.lachunga.es\r\nempar@lachunga.es\r\n+34 644 522 546\r\n1\r\nCOMPA\u00d1IA\r\n\u201cEl nombre de un payaso siempre lo pone otro payaso\u201d\r\n\u00bfC\u00f3mo se cre\u00f3?\r\nEl nombre art\u00edstico de \u201cLa Chunga\u201d naci\u00f3 en el proceso de trabajo que desarroll\u00f3 Ana S\u00e1nchez con\r\nGemma Fuster en el 2014. El espect\u00e1culo se llamaba \u201cLas Hermanas Wuachosky\u201d,\r\nhttps:\/\/www.facebook.com\/LasHermanasWuachosky bajo la direcci\u00f3n del humorista Pedro Reyes,\r\nconocido en el mundo art\u00edstico con el sobrenombre de \u201cel rey del absurdo\u201d por sus actuaciones en\r\nteatros y TV, tanto en Espa\u00f1a como en Latinoam\u00e9rica.\r\nEn un ensayo, con tono cari\u00f1oso, Pedro le dijo a Ana: \u201cChunga, que chunga eres, as\u00ed se va a llamar tu\r\npayasa\u201d.\r\nTras el fallecimiento de Pedro Reyes y como homenaje al que hab\u00eda sido su director, Ana S\u00e1nchez\r\ncontinu\u00f3 como \u201cLa Chunga'', creando el espect\u00e1culo \u201cCabaret Punk\u201d junto con el m\u00fasico Pino Yaniz y\r\nsu acorde\u00f3n, en el que retoma los mon\u00f3logos dirigidos por Pedro Reyes y los fusiona con la m\u00fasica\r\nen directo. https:\/\/cabaretpunk.com\r\nA partir del 2018-2019, \u201cLa Chunga'' empez\u00f3 a juntarse con otras payasas y a hacer \u201cCabaret a\r\nChuparlas\u201d, donde una payasa se juntaba con otra payasa, improvisando cada noche un espect\u00e1culo\r\ndistinto.\r\nDespu\u00e9s de siete a\u00f1os, a Ana S\u00e1nchez se la conoce dentro del mundo profesional y entre el p\u00fablico\r\ncon dicho sello, por esta raz\u00f3n seguir\u00e1 trabajando bajo ese nombre. A partir del 2021 y gracias al\r\nconfinamiento, su trayectoria a nivel profesional da un giro rotundo, vuelve a su trabajo hecho con\r\n\u201cCia murmuyo Cristian Casanova \u201c hacia el personaje del mimo-payaso y del lenguaje universal del\r\nhttps:\/\/empar.lachunga.es\r\nempar@lachunga.es\r\n+34 644 522 546\r\n2\r\ngesto, sin renunciar a la esencia de su sello \u201cLa Chunga\u201d, puesto que siempre aborda los temas desde\r\nuna visi\u00f3n de cr\u00edtica social.\r\nEn la actualidad trabaja en la creaci\u00f3n del espect\u00e1culo \u201cEmpar\u201d, con la direcci\u00f3n de Pepa G\u00f3mez, a la\r\ncual conoci\u00f3 como profesora en la escuela LIAM, donde ella impart\u00eda clases con el m\u00e9todo Lecoq.\r\nLa colaboraci\u00f3n entre ellas comienza cuando Ana S\u00e1nchez le propone a Pepa G\u00f3mez que la asesore\r\nen el n\u00famero que hab\u00eda creado para la Mostra Feminisita de Circ, \u201cEls somnis trencats d\u2019Empar\u201d (Los\r\nsue\u00f1os rotos de Amparo).\r\nLa directora le propone ir m\u00e1s lejos en la creaci\u00f3n y abordar lenguajes m\u00e1s abstractos, llevar ahora a\r\n\u201cEmpar\u201d al mundo del absurdo y de la creaci\u00f3n po\u00e9tica, mediante el lenguaje universal del gesto y la\r\ncomplicidad de dos m\u00e1scaras, la del payaso y la expresiva.\r\nSin dejar por ello de tener el sello personal de Ana Sanchez, \u201cLa Chunga\u201d, ya que aborda la condici\u00f3n\r\nde ser mujer, el trabajo invisible que se asume por el hecho de serlo y el maltrato silencioso que mina\r\nla autoestima femenina, mientras \u201cEmpar\u201d no hace otra cosa que cuidar a las personas que ama. Todo\r\nello desde el humor y el absurdo.\r\nSe trata de un trabajo de investigaci\u00f3n y de creaci\u00f3n que Ana realiza partiendo de una idea,\r\nentendiendo el proceso creativo de una manera colectiva y como la suma de todo el equipo creativo,\r\ntanto art\u00edstico como t\u00e9cnico, tal como lo aprendi\u00f3 de su profesora Pepa G\u00f3mez y \u00e9sta, a su vez, del\r\ngran maestro Jacques Lecoq. El teatro es un acto colectivo.\r\nDel nombre del payaso a la creaci\u00f3n de una personaje \u201cEmpar\u201d.\r\nhttps:\/\/empar.lachunga.es\r\nempar@lachunga.es\r\n+34 644 522 546\r\n3","_et_gb_content_width":"","footnotes":""},"class_list":["post-201","page","type-page","status-publish","hentry"],"_links":{"self":[{"href":"https:\/\/cia.lachunga.es\/ca\/wp-json\/wp\/v2\/pages\/201","targetHints":{"allow":["GET"]}}],"collection":[{"href":"https:\/\/cia.lachunga.es\/ca\/wp-json\/wp\/v2\/pages"}],"about":[{"href":"https:\/\/cia.lachunga.es\/ca\/wp-json\/wp\/v2\/types\/page"}],"author":[{"embeddable":true,"href":"https:\/\/cia.lachunga.es\/ca\/wp-json\/wp\/v2\/users\/1"}],"replies":[{"embeddable":true,"href":"https:\/\/cia.lachunga.es\/ca\/wp-json\/wp\/v2\/comments?post=201"}],"version-history":[{"count":46,"href":"https:\/\/cia.lachunga.es\/ca\/wp-json\/wp\/v2\/pages\/201\/revisions"}],"predecessor-version":[{"id":1123,"href":"https:\/\/cia.lachunga.es\/ca\/wp-json\/wp\/v2\/pages\/201\/revisions\/1123"}],"wp:attachment":[{"href":"https:\/\/cia.lachunga.es\/ca\/wp-json\/wp\/v2\/media?parent=201"}],"curies":[{"name":"wp","href":"https:\/\/api.w.org\/{rel}","templated":true}]}}