{"id":804,"date":"2022-09-19T11:01:15","date_gmt":"2022-09-19T11:01:15","guid":{"rendered":"https:\/\/cia.lachunga.es\/?page_id=804"},"modified":"2022-09-19T11:51:46","modified_gmt":"2022-09-19T11:51:46","slug":"sobre-la-compania","status":"publish","type":"page","link":"https:\/\/cia.lachunga.es\/ca\/sobre-la-compania\/","title":{"rendered":"Sobre la compa\u00f1ia"},"content":{"rendered":"<p>[et_pb_section fb_built=\u00bb1&#8243; _builder_version=\u00bb4.14.9&#8243; _module_preset=\u00bbdefault\u00bb background_color=\u00bb#000000&#8243; border_color_all=\u00bb#FFFFFF\u00bb border_width_right=\u00bb20px\u00bb border_width_bottom=\u00bb20px\u00bb border_width_left=\u00bb20px\u00bb global_colors_info=\u00bb{}\u00bb][et_pb_row use_custom_gutter=\u00bbon\u00bb gutter_width=\u00bb2&#8243; _builder_version=\u00bb4.14.9&#8243; _module_preset=\u00bbdefault\u00bb positioning=\u00bbnone\u00bb module_alignment=\u00bbcenter\u00bb global_colors_info=\u00bb{}\u00bb][et_pb_column type=\u00bb4_4&#8243; _builder_version=\u00bb4.14.9&#8243; _module_preset=\u00bbdefault\u00bb global_colors_info=\u00bb{}\u00bb][et_pb_text _builder_version=\u00bb4.14.9&#8243; _module_preset=\u00bbdefault\u00bb header_text_color=\u00bb#FFFFFF\u00bb header_2_text_color=\u00bb#cccccc\u00bb text_orientation=\u00bbcenter\u00bb module_alignment=\u00bbleft\u00bb custom_margin=\u00bb||-5px|||\u00bb custom_padding=\u00bb||1px|||\u00bb text_orientation_tablet=\u00bb\u00bb text_orientation_phone=\u00bbcenter\u00bb text_orientation_last_edited=\u00bbon|phone\u00bb global_colors_info=\u00bb{}\u00bb]<\/p>\n<h2>Sobre la compa\u00f1ia<\/h2>\n<p>[\/et_pb_text][et_pb_divider color=\u00bb#E09900&#8243; divider_weight=\u00bb3px\u00bb _builder_version=\u00bb4.14.9&#8243; _module_preset=\u00bbdefault\u00bb width=\u00bb100px\u00bb width_tablet=\u00bb100px\u00bb width_phone=\u00bb90px\u00bb width_last_edited=\u00bbon|phone\u00bb module_alignment=\u00bbcenter\u00bb module_alignment_tablet=\u00bbleft\u00bb module_alignment_phone=\u00bbcenter\u00bb module_alignment_last_edited=\u00bbon|desktop\u00bb global_colors_info=\u00bb{}\u00bb][\/et_pb_divider][\/et_pb_column][\/et_pb_row][et_pb_row use_custom_gutter=\u00bbon\u00bb gutter_width=\u00bb2&#8243; _builder_version=\u00bb4.14.9&#8243; _module_preset=\u00bbdefault\u00bb global_colors_info=\u00bb{}\u00bb][et_pb_column type=\u00bb4_4&#8243; _builder_version=\u00bb4.14.9&#8243; _module_preset=\u00bbdefault\u00bb global_colors_info=\u00bb{}\u00bb][et_pb_gallery gallery_ids=\u00bb20,11,19,782,129,310,494&#8243; show_title_and_caption=\u00bboff\u00bb show_pagination=\u00bboff\u00bb zoom_icon_color=\u00bb#FFFFFF\u00bb hover_overlay_color=\u00bbrgba(0,0,0,0.24)\u00bb _builder_version=\u00bb4.14.9&#8243; _module_preset=\u00bbdefault\u00bb custom_padding=\u00bb|10px|||false|false\u00bb hover_enabled=\u00bb0&#8243; border_radii_image=\u00bbon|5px|5px|5px|5px\u00bb box_shadow_style_image=\u00bbpreset1&#8243; global_colors_info=\u00bb{}\u00bb gallery_orderby=\u00bbrand\u00bb sticky_enabled=\u00bb0&#8243;][\/et_pb_gallery][\/et_pb_column][\/et_pb_row][et_pb_row column_structure=\u00bb1_2,1_2&#8243; _builder_version=\u00bb4.14.9&#8243; _module_preset=\u00bbdefault\u00bb global_colors_info=\u00bb{}\u00bb][et_pb_column type=\u00bb1_2&#8243; _builder_version=\u00bb4.14.9&#8243; _module_preset=\u00bbdefault\u00bb global_colors_info=\u00bb{}\u00bb][et_pb_text _builder_version=\u00bb4.14.9&#8243; _module_preset=\u00bbdefault\u00bb header_2_text_color=\u00bb#cccccc\u00bb global_colors_info=\u00bb{}\u00bb]<\/p>\n<h2>Castellano<\/h2>\n<p><span>CIA la Chunga se cre\u00f3 como compa\u00f1\u00eda en marzo 2021<\/span><\/p>\n<p><span>La compa\u00f1\u00eda que tiene como a objetivo hacer visibles situaciones<\/span><\/p>\n<p><span>\u00abchungas\u00bb en la vida, utiliza el humor del clown, la imagen po\u00e9tica del mimo, la<\/span><\/p>\n<p><span>burla del buf\u00f3n i el esp\u00edritu de riesgo y a aventurero \u00a0del circo. La Chunga trabaja en la creaci\u00f3n<\/span><\/p>\n<p><span>de espect\u00e1culos con diferentes territorios dram\u00e1ticos que llegan a diferentes colectivos y edades.<\/span><\/p>\n<p><span>Con todas estas herramientas aborda sin miedo: la violencia de g\u00e9nero, la transexualidad, la emigraci\u00f3n, el derecho a la adopci\u00f3n del colectivo gay, la discapacidad auditiva y las enfermedades mentales, en definitiva quiere dar les visi\u00f3n y representaci\u00f3n a los colectivos que reivindican sis luchas para conseguir la libertar de ser.<\/span><\/p>\n<p>[\/et_pb_text][\/et_pb_column][et_pb_column type=\u00bb1_2&#8243; _builder_version=\u00bb4.14.9&#8243; _module_preset=\u00bbdefault\u00bb global_colors_info=\u00bb{}\u00bb][et_pb_text _builder_version=\u00bb4.14.9&#8243; _module_preset=\u00bbdefault\u00bb header_2_text_color=\u00bb#cccccc\u00bb global_colors_info=\u00bb{}\u00bb]<\/p>\n<h2>Catalan<\/h2>\n<p><span>Cia la chunga es va identificar com a compa\u00f1\u00eda en mar\u00e7 2021<\/span><\/p>\n<p>La companyia \u00e9s projecte que t\u00e9 com a objectiu fer visibles situacions<\/p>\n<p><span>\u00abchunges\u00bb en la vida, utilitza l&#8217;humor del clown, la imatge po\u00e8tica del mim, la<\/span><\/p>\n<p>burla del buf\u00f3 i l&#8217;esperit aventurer del circ. <span>La Xunga treballa en la creaci\u00f3<\/span><\/p>\n<p><span>d\u2019espectacles amb diferents territoris dram\u00e0tics que arriben a diferents<\/span><\/p>\n<p><span>col\u00b7lectius i edats.<\/span><\/p>\n<p><span>Amb totes aquestes eines aborda sense por: la viol\u00e8ncia de g\u00e8nere, la<\/span><\/p>\n<p><span>transsexualitat, l&#8217;emigraci\u00f3, el dret a l&#8217;adopci\u00f3 del col\u00b7lectiu gai, la discapacitat<\/span><\/p>\n<p><span>auditiva i la malaltia mental, en definitiva vol donar veu als col\u00b7lectius que<\/span><\/p>\n<p><span>reivindiquen les seves lluites per a aconseguir la LLIBERTAT d\u2019\u00e8sser.<\/span><\/p>\n<p>[\/et_pb_text][\/et_pb_column][\/et_pb_row][\/et_pb_section]<\/p>","protected":false},"excerpt":{"rendered":"<p>Sobre la compa\u00f1iaCastellano CIA la Chunga se cre\u00f3 como compa\u00f1\u00eda en marzo 2021 La compa\u00f1\u00eda que tiene como a objetivo hacer visibles situaciones \u00abchungas\u00bb en la vida, utiliza el humor del clown, la imagen po\u00e9tica del mimo, la burla del buf\u00f3n i el esp\u00edritu de riesgo y a aventurero \u00a0del circo. La Chunga trabaja en [&hellip;]<\/p>","protected":false},"author":1,"featured_media":0,"parent":0,"menu_order":0,"comment_status":"closed","ping_status":"closed","template":"","meta":{"_et_pb_use_builder":"on","_et_pb_old_content":"","_et_gb_content_width":"","footnotes":""},"class_list":["post-804","page","type-page","status-publish","hentry"],"_links":{"self":[{"href":"https:\/\/cia.lachunga.es\/ca\/wp-json\/wp\/v2\/pages\/804","targetHints":{"allow":["GET"]}}],"collection":[{"href":"https:\/\/cia.lachunga.es\/ca\/wp-json\/wp\/v2\/pages"}],"about":[{"href":"https:\/\/cia.lachunga.es\/ca\/wp-json\/wp\/v2\/types\/page"}],"author":[{"embeddable":true,"href":"https:\/\/cia.lachunga.es\/ca\/wp-json\/wp\/v2\/users\/1"}],"replies":[{"embeddable":true,"href":"https:\/\/cia.lachunga.es\/ca\/wp-json\/wp\/v2\/comments?post=804"}],"version-history":[{"count":8,"href":"https:\/\/cia.lachunga.es\/ca\/wp-json\/wp\/v2\/pages\/804\/revisions"}],"predecessor-version":[{"id":821,"href":"https:\/\/cia.lachunga.es\/ca\/wp-json\/wp\/v2\/pages\/804\/revisions\/821"}],"wp:attachment":[{"href":"https:\/\/cia.lachunga.es\/ca\/wp-json\/wp\/v2\/media?parent=804"}],"curies":[{"name":"wp","href":"https:\/\/api.w.org\/{rel}","templated":true}]}}