{"id":857,"date":"2022-10-02T11:11:22","date_gmt":"2022-10-02T11:11:22","guid":{"rendered":"https:\/\/cia.lachunga.es\/?page_id=857"},"modified":"2022-10-05T14:59:12","modified_gmt":"2022-10-05T14:59:12","slug":"taller-alimentacion-en-el-circo","status":"publish","type":"page","link":"https:\/\/cia.lachunga.es\/ca\/taller-alimentacion-en-el-circo\/","title":{"rendered":"Taller: Alimentacion en el circo"},"content":{"rendered":"<p>[et_pb_section fb_built=\u00bb1&#8243; _builder_version=\u00bb4.14.9&#8243; _module_preset=\u00bbdefault\u00bb background_color=\u00bb#000000&#8243; border_color_all=\u00bb#FFFFFF\u00bb border_width_right=\u00bb20px\u00bb border_width_bottom=\u00bb20px\u00bb border_width_left=\u00bb20px\u00bb global_colors_info=\u00bb{}\u00bb][et_pb_row _builder_version=\u00bb4.14.9&#8243; _module_preset=\u00bbdefault\u00bb width=\u00bb49%\u00bb width_tablet=\u00bb49%\u00bb width_phone=\u00bb80%\u00bb width_last_edited=\u00bbon|phone\u00bb module_alignment=\u00bbright\u00bb module_alignment_tablet=\u00bbright\u00bb module_alignment_phone=\u00bbcenter\u00bb module_alignment_last_edited=\u00bbon|phone\u00bb global_colors_info=\u00bb{}\u00bb][et_pb_column type=\u00bb4_4&#8243; _builder_version=\u00bb4.14.9&#8243; _module_preset=\u00bbdefault\u00bb global_colors_info=\u00bb{}\u00bb][et_pb_text _builder_version=\u00bb4.14.9&#8243; _module_preset=\u00bbdefault\u00bb header_text_color=\u00bb#FFFFFF\u00bb header_2_text_color=\u00bb#cccccc\u00bb module_alignment=\u00bbleft\u00bb custom_margin=\u00bb||-5px|||\u00bb custom_padding=\u00bb||1px|||\u00bb text_orientation_tablet=\u00bb\u00bb text_orientation_phone=\u00bbcenter\u00bb text_orientation_last_edited=\u00bbon|phone\u00bb global_colors_info=\u00bb{}\u00bb]<\/p>\n<h2>ALIMENTACI\u00d3 A L'ARTISTA DE CIRC<\/h2>\n<p>[\/et_pb_text][et_pb_divider color=\u00bb#E09900&#8243; divider_weight=\u00bb2px\u00bb _builder_version=\u00bb4.14.9&#8243; _module_preset=\u00bbdefault\u00bb width=\u00bb100px\u00bb width_tablet=\u00bb100px\u00bb width_phone=\u00bb90px\u00bb width_last_edited=\u00bbon|phone\u00bb module_alignment=\u00bbleft\u00bb module_alignment_tablet=\u00bbleft\u00bb module_alignment_phone=\u00bbcenter\u00bb module_alignment_last_edited=\u00bbon|desktop\u00bb global_colors_info=\u00bb{}\u00bb][\/et_pb_divider][\/et_pb_column][\/et_pb_row][et_pb_row column_structure=\u00bb1_2,1_2&#8243; use_custom_gutter=\u00bbon\u00bb gutter_width=\u00bb2&#8243; _builder_version=\u00bb4.14.9&#8243; _module_preset=\u00bbdefault\u00bb global_colors_info=\u00bb{}\u00bb][et_pb_column type=\u00bb1_2&#8243; _builder_version=\u00bb4.14.9&#8243; _module_preset=\u00bbdefault\u00bb custom_padding=\u00bb|20px|||false|false\u00bb custom_padding_tablet=\u00bb|20px|||false|false\u00bb custom_padding_phone=\u00bb|0px|||false|false\u00bb custom_padding_last_edited=\u00bbon|phone\u00bb global_colors_info=\u00bb{}\u00bb][et_pb_gallery gallery_ids=\u00bb873,876,877&#8243; posts_number=\u00bb8&#8243; show_pagination=\u00bboff\u00bb zoom_icon_color=\u00bb#FFFFFF\u00bb hover_overlay_color=\u00bbrgba(0,0,0,0.24)\u00bb _builder_version=\u00bb4.14.9&#8243; _module_preset=\u00bbdefault\u00bb custom_padding=\u00bb|10px|||false|false\u00bb border_radii_image=\u00bbon|5px|5px|5px|5px\u00bb box_shadow_style_image=\u00bbpreset1&#8243; locked=\u00bboff\u00bb global_colors_info=\u00bb{}\u00bb][\/et_pb_gallery][\/et_pb_column][et_pb_column type=\u00bb1_2&#8243; _builder_version=\u00bb4.14.9&#8243; _module_preset=\u00bbdefault\u00bb global_colors_info=\u00bb{}\u00bb][et_pb_text _builder_version=\u00bb4.14.9&#8243; _module_preset=\u00bbdefault\u00bb header_2_text_color=\u00bb#cccccc\u00bb custom_padding=\u00bb||20px||false|false\u00bb global_colors_info=\u00bb{}\u00bb]<\/p>\n<h2><strong><\/strong><\/h2>\n<h2><strong>PARTICIPANTES\u00a0<\/strong><\/h2>\n<p>&nbsp;<\/p>\n<p>Dirigido a todos los p\u00fablicos adultos y adolescentes que hagan alguna disciplina de teatro, danza,circo o deportiva, en el caso de ni\u00f1os es imprescindible la implicaci\u00f3n y la asistencia de su tutor legal.\u00a0<\/p>\n<p><strong>PRECIO DEL TALLER:<\/strong><\/p>\n<p><strong>Opci\u00f3n 5 A 15 personas o se puede realizar de manera individualizada<\/strong><\/p>\n<p><strong>En grupo 30 euros por persona , <\/strong><\/p>\n<p><strong>Individual 50 por persona.<\/strong><\/p>\n<p>[\/et_pb_text][et_pb_text _builder_version=\u00bb4.14.9&#8243; _module_preset=\u00bbdefault\u00bb header_2_text_color=\u00bb#cccccc\u00bb custom_padding=\u00bb||20px||false|false\u00bb global_colors_info=\u00bb{}\u00bb]<\/p>\n<h2>\u00a0Objetivos del Taller<\/h2>\n<ul>\n<li><span>Conocer las diferencias entre nutrientes y alimentos y aprender a utilizarlas<\/span><\/li>\n<li><span>Analizar la alimentaci\u00f3n y sus par\u00e1metros f\u00edsico de las personas participantes y aplicar un plan nutricional<\/span><\/li>\n<li><span>Conocer las necesidades fisiol\u00f3gicas y nutricionales del artistas<\/span><\/li>\n<li>Saber cuales son los nutrientes necesarios seg\u00fan su disciplina art\u00edstica de circo, teatro, aereo, contosrsi\u00f3n, danza.<\/li>\n<li><span>Conocer las necesidades nutricionales de los artistas <\/span><\/li>\n<li><span>Analizar su entorno socio- econ\u00f3micos para obtener la alimentaci\u00f3n adecuada a sus entrenamientos. horarios , tiempo de cocinar, donde y cuando come<\/span><\/li>\n<li>Alcanzar un alto rendimiento<\/li>\n<li><span>Recuperarnos bien de los esfuerzos f\u00edsicos que implica los entrenamientos y losespect\u00e1culos.<\/span><\/li>\n<li>Prevenir posibles lesiones, o en caso de tenerlas recuperarte pronto de las mismas<\/li>\n<li>Conocer su patr\u00f3n nutricional y trasladarlo a la alimentaci\u00f3n en su d\u00eda a d\u00eda.<\/li>\n<\/ul>\n<p>[\/et_pb_text][et_pb_text _builder_version=\u00bb4.14.9&#8243; _module_preset=\u00bbdefault\u00bb header_2_text_color=\u00bb#cccccc\u00bb global_colors_info=\u00bb{}\u00bb]<\/p>\n<h2>Desarrollo del taller<\/h2>\n<ul>\n<li><span>Registro de la alimentaci\u00f3n para cada uno de los Participantes.<\/span><\/li>\n<li><span>Realizaci\u00f3n de un estudio corporal donde se medir\u00e1: Peso, gasto energetico basal, masa muscular, masa \u00f3sea, masa grasa, masa \u00f3sea y masa grasa se medir\u00e1 por segmentos del cuerpo brazo derecho e izquierdo, pierna derecha e izquierda, tronco y grasa visceral<\/span><\/li>\n<li><span>Realizacion de los datos aportados: peso, altura, sexo y actividad f\u00edsica. Conocimiento del Gasto energ\u00e9tico basaly total<\/span><\/li>\n<li>Explicaci\u00f3n te\u00f3rica de las necesidades alimentaci\u00f3n en el circo<\/li>\n<li><span>Conocimiento de las necesidades para el dise\u00f1o de un plan de alimentaci\u00f3n de Estudio de los nutrientes y cu\u00e1les son los alimentos que los aportan.<\/span><\/li>\n<li><span>Evaluaci\u00f3n de los conocimientos aprendidos mediante el registro diario de comidas yestudio corporal<\/span><\/li>\n<li><span>Generar el c\u00e1lculo del gasto energ\u00e9tico total ideal o objetivo y aplicarlo una tabla nutricional para cada una de las Patr\u00f3n diet\u00e9tico.<\/span><\/li>\n<li><span>Adaptar la alimentaci\u00f3n adecuada a sus nutrientes necesarios en la vida deportiva yart\u00edstica seg\u00fan cada patr\u00f3n diet\u00e9tico.<\/span><\/li>\n<li>\n<p>En el caso de los menores de edad, vamos a estudiar la vida y alimentacion de los padres o de su entorno familiar, abuelas, menu de los comedores del colegio.<\/p>\n<p>Ya que si el entorno donde vive y come el menor es imprescindible para saber c\u00f3mo\u00a0puede llevar las pautas de alimentaci\u00f3n para la competici\u00f3n.<\/p>\n<\/li>\n<\/ul>\n<p>[\/et_pb_text][\/et_pb_column][\/et_pb_row][\/et_pb_section]<\/p>","protected":false},"excerpt":{"rendered":"<p>ALIMENTACI\u00d3N EN EL ARTISTA DE CIRCO PARTICIPANTES\u00a0 &nbsp; Dirigido a todos los p\u00fablicos adultos y adolescentes que hagan alguna disciplina de teatro, danza,circo o deportiva, en el caso de ni\u00f1os es imprescindible la implicaci\u00f3n y la asistencia de su tutor legal.\u00a0 PRECIO DEL TALLER: Opci\u00f3n 5 A 15 personas o se puede realizar de manera [&hellip;]<\/p>","protected":false},"author":1,"featured_media":0,"parent":0,"menu_order":0,"comment_status":"closed","ping_status":"closed","template":"","meta":{"_et_pb_use_builder":"on","_et_pb_old_content":"<p>\u00a0<\/p><p>\u00a0<\/p>","_et_gb_content_width":"","footnotes":""},"class_list":["post-857","page","type-page","status-publish","hentry"],"_links":{"self":[{"href":"https:\/\/cia.lachunga.es\/ca\/wp-json\/wp\/v2\/pages\/857","targetHints":{"allow":["GET"]}}],"collection":[{"href":"https:\/\/cia.lachunga.es\/ca\/wp-json\/wp\/v2\/pages"}],"about":[{"href":"https:\/\/cia.lachunga.es\/ca\/wp-json\/wp\/v2\/types\/page"}],"author":[{"embeddable":true,"href":"https:\/\/cia.lachunga.es\/ca\/wp-json\/wp\/v2\/users\/1"}],"replies":[{"embeddable":true,"href":"https:\/\/cia.lachunga.es\/ca\/wp-json\/wp\/v2\/comments?post=857"}],"version-history":[{"count":16,"href":"https:\/\/cia.lachunga.es\/ca\/wp-json\/wp\/v2\/pages\/857\/revisions"}],"predecessor-version":[{"id":914,"href":"https:\/\/cia.lachunga.es\/ca\/wp-json\/wp\/v2\/pages\/857\/revisions\/914"}],"wp:attachment":[{"href":"https:\/\/cia.lachunga.es\/ca\/wp-json\/wp\/v2\/media?parent=857"}],"curies":[{"name":"wp","href":"https:\/\/api.w.org\/{rel}","templated":true}]}}